{"id":10261,"date":"2025-09-08T19:20:54","date_gmt":"2025-09-08T17:20:54","guid":{"rendered":"https:\/\/zibocare.dk\/apply-unsolicited\/"},"modified":"2026-04-09T00:59:55","modified_gmt":"2026-04-08T22:59:55","slug":"apply-unsolicited","status":"publish","type":"page","link":"https:\/\/zibocare.dk\/en\/about-zibocare\/job-career\/apply-unsolicited\/","title":{"rendered":"Apply unsolicited"},"content":{"rendered":"\t\t<div data-elementor-type=\"wp-page\" data-elementor-id=\"10261\" class=\"elementor elementor-10261 elementor-7826\" data-elementor-post-type=\"page\">\n\t\t\t\t<div class=\"elementor-element elementor-element-15cc6089 e-con-full e-flex e-con e-parent\" data-id=\"15cc6089\" data-element_type=\"container\" data-e-type=\"container\" data-settings=\"{&quot;background_background&quot;:&quot;classic&quot;}\">\n\t\t\t\t<div class=\"elementor-element elementor-element-78af7f4 elementor-widget elementor-widget-heading\" data-id=\"78af7f4\" data-element_type=\"widget\" data-e-type=\"widget\" data-widget_type=\"heading.default\">\n\t\t\t\t<div class=\"elementor-widget-container\">\n\t\t\t\t\t<h1 class=\"elementor-heading-title elementor-size-default\">Become a part of ZiboCare<\/h1>\t\t\t\t<\/div>\n\t\t\t\t<\/div>\n\t\t\t\t<\/div>\n\t\t<div class=\"elementor-element elementor-element-a6d0d03 e-flex e-con-boxed e-con e-parent\" data-id=\"a6d0d03\" data-element_type=\"container\" data-e-type=\"container\">\n\t\t\t\t\t<div class=\"e-con-inner\">\n\t\t\t\t<div class=\"elementor-element elementor-element-6f3db467 elementor-widget elementor-widget-heading\" data-id=\"6f3db467\" data-element_type=\"widget\" data-e-type=\"widget\" data-widget_type=\"heading.default\">\n\t\t\t\t<div class=\"elementor-widget-container\">\n\t\t\t\t\t<h2 class=\"elementor-heading-title elementor-size-default\">Apply unsolicited<br><br><\/h2>\t\t\t\t<\/div>\n\t\t\t\t<\/div>\n\t\t\t\t<div class=\"elementor-element elementor-element-bd64d4c fluent-form-widget-step-header-yes fluent-form-widget-step-progressbar-yes fluentform-widget-submit-button-custom elementor-widget elementor-widget-fluent-form-widget\" data-id=\"bd64d4c\" data-element_type=\"widget\" data-e-type=\"widget\" data-widget_type=\"fluent-form-widget.default\">\n\t\t\t\t<div class=\"elementor-widget-container\">\n\t\t\t\t\t\n            <div class=\"fluentform-widget-wrapper fluentform-widget-align-default\">\n\n            \n            <div class='fluentform ff-default fluentform_wrapper_8 ffs_default_wrap'><form data-form_id=\"8\" id=\"fluentform_8\" class=\"frm-fluent-form fluent_form_8 ff-el-form-top ff_form_instance_8_1 ff-form-loading ffs_default\" data-form_instance=\"ff_form_instance_8_1\" method=\"POST\" ><fieldset  style=\"border: none!important;margin: 0!important;padding: 0!important;background-color: transparent!important;box-shadow: none!important;outline: none!important; min-inline-size: 100%;\">\n                    <legend class=\"ff_screen_reader_title\" style=\"display: block; margin: 0!important;padding: 0!important;height: 0!important;text-indent: -999999px;width: 0!important;overflow:hidden;\">S\u00f8g uopfordret<\/legend><input type='hidden' name='__fluent_form_embded_post_id' value='10261' \/><input type=\"hidden\" id=\"_fluentform_8_fluentformnonce\" name=\"_fluentform_8_fluentformnonce\" value=\"64261851a4\" \/><input type=\"hidden\" name=\"_wp_http_referer\" value=\"\/en\/wp-json\/wp\/v2\/pages\/10261\" \/><div data-type=\"name-element\" data-name=\"names\" class=\" ff-field_container ff-name-field-wrapper\" ><div class='ff-t-container'><div class='ff-t-cell '><div class='ff-el-group'><div class=\"ff-el-input--label asterisk-right\"><label for='ff_8_names_first_name_' id='label_ff_8_names_first_name_' >Fornavn<\/label><\/div><div class='ff-el-input--content'><input type=\"text\" name=\"names[first_name]\" id=\"ff_8_names_first_name_\" class=\"ff-el-form-control\" placeholder=\"Fornavn\" aria-invalid=\"false\" aria-required=false><\/div><\/div><\/div><div class='ff-t-cell '><div class='ff-el-group'><div class=\"ff-el-input--label ff-el-is-required asterisk-right\"><label for='ff_8_names_last_name_' id='label_ff_8_names_last_name_' >Efternavn<\/label><\/div><div class='ff-el-input--content'><input type=\"text\" name=\"names[last_name]\" id=\"ff_8_names_last_name_\" class=\"ff-el-form-control\" placeholder=\"Efternavn\" aria-invalid=\"false\" aria-required=true><\/div><\/div><\/div><\/div><\/div><div class='ff-el-group'><div class=\"ff-el-input--label ff-el-is-required asterisk-right\"><label for='ff_8_input_text' id='label_ff_8_input_text' aria-label=\"Adresse\">Adresse<\/label><\/div><div class='ff-el-input--content'><input type=\"text\" name=\"input_text\" class=\"ff-el-form-control\" placeholder=\"Adresse\" data-name=\"input_text\" id=\"ff_8_input_text\"  aria-invalid=\"false\" aria-required=true><\/div><\/div><div data-name=\"ff_cn_id_1\"  class='ff-t-container ff-column-container ff_columns_total_2 '><div class='ff-t-cell ff-t-column-1' style='flex-basis: 50%;'><div class='ff-el-group'><div class=\"ff-el-input--label ff-el-is-required asterisk-right\"><label for='ff_8_numeric_field' id='label_ff_8_numeric_field' aria-label=\"Postnummer\">Postnummer<\/label><\/div><div class='ff-el-input--content'><input type=\"number\" name=\"numeric_field\" id=\"ff_8_numeric_field\" class=\"ff-el-form-control\" placeholder=\"Postnummer\" data-name=\"numeric_field\" inputmode=\"numeric\" step=\"any\"  aria-invalid=\"false\" aria-required=true><\/div><\/div><\/div><div class='ff-t-cell ff-t-column-2' style='flex-basis: 50%;'><div class='ff-el-group'><div class=\"ff-el-input--label ff-el-is-required asterisk-right\"><label for='ff_8_input_text_1' id='label_ff_8_input_text_1' aria-label=\"By\">By<\/label><\/div><div class='ff-el-input--content'><input type=\"text\" name=\"input_text_1\" class=\"ff-el-form-control\" placeholder=\"By\" data-name=\"input_text_1\" id=\"ff_8_input_text_1\"  aria-invalid=\"false\" aria-required=true><\/div><\/div><\/div><\/div><div data-name=\"ff_cn_id_2\"  class='ff-t-container ff-column-container ff_columns_total_2 '><div class='ff-t-cell ff-t-column-1' style='flex-basis: 50%;'><div class='ff-el-group'><div class=\"ff-el-input--label ff-el-is-required asterisk-right\"><label for='ff_8_email' id='label_ff_8_email' aria-label=\"E-mail\">E-mail<\/label><\/div><div class='ff-el-input--content'><input type=\"email\" name=\"email\" id=\"ff_8_email\" class=\"ff-el-form-control\" placeholder=\"E-mail Adresse\" data-name=\"email\"  aria-invalid=\"false\" aria-required=true><\/div><\/div><\/div><div class='ff-t-cell ff-t-column-2' style='flex-basis: 50%;'><div class='ff-el-group'><div class=\"ff-el-input--label ff-el-is-required asterisk-right\"><label for='ff_8_phone' id='label_ff_8_phone' aria-label=\"Telefon\">Telefon<\/label><\/div><div class='ff-el-input--content'><input name=\"phone\" class=\"ff-el-form-control ff-el-phone\" type=\"tel\" placeholder=\"Telefonnummer\" data-name=\"phone\" id=\"ff_8_phone\" inputmode=\"tel\"  aria-invalid='false' aria-required=true><\/div><\/div><\/div><\/div><div data-name=\"ff_cn_id_3\"  class='ff-t-container ff-column-container ff_columns_total_2 '><div class='ff-t-cell ff-t-column-1' style='flex-basis: 50%;'><div class='ff-el-group'><div class=\"ff-el-input--label ff-el-is-required asterisk-right\"><label for='ff_8_file-upload_1_1' id='label_ff_8_file-upload_1_1' aria-label=\"Upload CV\">Upload CV<\/label><\/div><div class='ff-el-input--content'><label for='ff_8_file-upload_1_1' class='ff_file_upload_holder'><span class='ff_upload_btn ff-btn' tabindex='0'>V\u00e6lg fil<\/span> <input type=\"file\" name=\"file-upload_1\" id=\"ff_8_file-upload_1_1\" class=\"ff-el-form-control  ff-screen-reader-element\" data-name=\"file-upload_1\" multiple=\"1\"  aria-invalid='false' aria-required=true><\/label><\/div><\/div><\/div><div class='ff-t-cell ff-t-column-2' style='flex-basis: 50%;'><div class='ff-el-group'><div class=\"ff-el-input--label asterisk-right\"><label for='ff_8_file-upload_1' id='label_ff_8_file-upload_1' aria-label=\"Upload ans\u00f8gning\">Upload ans\u00f8gning<\/label><\/div><div class='ff-el-input--content'><label for='ff_8_file-upload_1' class='ff_file_upload_holder'><span class='ff_upload_btn ff-btn' tabindex='0'>V\u00e6lg fil<\/span> <input type=\"file\" name=\"file-upload\" id=\"ff_8_file-upload_1\" class=\"ff-el-form-control  ff-screen-reader-element\" data-name=\"file-upload\" multiple=\"1\"  aria-invalid='false' aria-required=false><\/label><\/div><\/div><\/div><\/div><div data-name=\"ff_cn_id_4\"  class='ff-t-container ff-column-container ff_columns_total_3 '><div class='ff-t-cell ff-t-column-1' style='flex-basis: 68.17%;'><div class='ff-el-group'><div class=\"ff-el-input--label ff-el-is-required asterisk-right\"><label   aria-label=\"Betingelser\">Betingelser<\/label><\/div><div class='ff-el-input--content'><div class='ff-el-form-check ff-el-form-check-'><label class='ff-el-form-check-label' for='checkbox_c336d53085f4ccb17b35220b1aff5833'><input  type=\"checkbox\" name=\"checkbox[]\" data-name=\"checkbox\" class=\"ff-el-form-check-input ff-el-form-check-checkbox\" value=\"Jeg accepterer ZiboCares vilk\u00e5r og betingelser.&lt;\/br&gt; Vi gemmer dine data i 6 m\u00e5neder. Herefter sletter vi alle data omkring dig.&lt;\/br&gt; Du kan l\u00e6se mere om vores behandling af &lt;a href=&quot;https:\/\/zibocare.dk\/cookie-og-privatlivspolitik\/&quot;&gt;persondata her&lt;\/a&gt;.\"  id='checkbox_c336d53085f4ccb17b35220b1aff5833' aria-label='Jeg accepterer ZiboCares vilk\u00e5r og betingelser.&lt;\/br&gt; Vi gemmer dine data i 6 m\u00e5neder. Herefter sletter vi alle data omkring dig.&lt;\/br&gt; Du kan l\u00e6se mere om vores behandling af &lt;a href=&quot;https:\/\/zibocare.dk\/cookie-og-privatlivspolitik\/&quot;&gt;persondata her&lt;\/a&gt;.' aria-invalid='false' aria-required=true> <span>Jeg accepterer ZiboCares vilk\u00e5r og betingelser.<\/br> Vi gemmer dine data i 6 m\u00e5neder. Herefter sletter vi alle data omkring dig.<\/br> Du kan l\u00e6se mere om vores behandling af <a href=\"https:\/\/zibocare.dk\/cookie-og-privatlivspolitik\/\">persondata her<\/a>.<\/span><\/label><\/div><\/div><\/div><\/div><div class='ff-t-cell ff-t-column-2' style='flex-basis: 17.66%;'><\/div><div class='ff-t-cell ff-t-column-3' style='flex-basis: 14.16%;'><\/div><\/div><div class='ff-el-group ' ><div class='ff-el-input--content'><div data-fluent_id='8' name='g-recaptcha-response'><div\n\t\tdata-sitekey='6LfQZe0rAAAAAHCP-oGckr89_xYfZlkRMYXhbIIP'\n\t\tid='fluentform-recaptcha-8-1'\n\t\tclass='ff-el-recaptcha g-recaptcha'\n\t\tdata-callback='fluentFormrecaptchaSuccessCallback'><\/div><\/div><\/div><\/div><div class='ff-el-group ff-text-left ff_submit_btn_wrapper'><button type=\"submit\" class=\"ff-btn ff-btn-submit ff-btn-md ff_btn_style wpf_has_custom_css\"  aria-label=\"Send uopfordret ans\u00f8gning\">Send uopfordret ans\u00f8gning<\/button><\/div><\/fieldset><\/form><div id='fluentform_8_errors' class='ff-errors-in-stack ff_form_instance_8_1 ff-form-loading_errors ff_form_instance_8_1_errors'><\/div><\/div>            <script type=\"text\/javascript\">\n                window.fluent_form_ff_form_instance_8_1 = {\"id\":\"8\",\"settings\":{\"layout\":{\"labelPlacement\":\"top\",\"asteriskPlacement\":\"asterisk-right\",\"helpMessagePlacement\":\"with_label\",\"errorMessagePlacement\":\"inline\",\"cssClassName\":\"\"},\"restrictions\":{\"denyEmptySubmission\":{\"enabled\":false}}},\"form_instance\":\"ff_form_instance_8_1\",\"form_id_selector\":\"fluentform_8\",\"rules\":{\"names[first_name]\":{\"required\":{\"value\":false,\"message\":\"This field is required\",\"global\":true,\"global_message\":\"This field is required\"}},\"names[middle_name]\":{\"required\":{\"value\":false,\"message\":\"This field is required\",\"global\":true,\"global_message\":\"This field is required\"}},\"names[last_name]\":{\"required\":{\"value\":true,\"message\":\"This field is required\",\"global\":true,\"global_message\":\"This field is required\"}},\"input_text\":{\"required\":{\"value\":true,\"message\":\"This field is required\",\"global_message\":\"This field is required\",\"global\":true}},\"numeric_field\":{\"required\":{\"value\":true,\"message\":\"This field is required\",\"global_message\":\"This field is required\",\"global\":true},\"numeric\":{\"value\":true,\"message\":\"This field must contain numeric value\",\"global_message\":\"This field must contain numeric value\",\"global\":true},\"min\":{\"value\":\"\",\"message\":\"Validation fails for minimum value\",\"global_message\":\"Validation fails for minimum value\",\"global\":true},\"max\":{\"value\":\"\",\"message\":\"Validation fails for maximum value\",\"global_message\":\"Validation fails for maximum value\",\"global\":true},\"digits\":{\"value\":\"\",\"message\":\"Validation fails for limited digits\",\"global_message\":\"Validation fails for limited digits\",\"global\":true}},\"input_text_1\":{\"required\":{\"value\":true,\"message\":\"This field is required\",\"global_message\":\"This field is required\",\"global\":true}},\"email\":{\"required\":{\"value\":true,\"message\":\"This field is required\",\"global\":true,\"global_message\":\"This field is required\"},\"email\":{\"value\":true,\"message\":\"This field must contain a valid email\",\"global\":true,\"global_message\":\"This field must contain a valid email\"}},\"phone\":{\"required\":{\"value\":true,\"global\":true,\"message\":\"This field is required\",\"global_message\":\"This field is required\"},\"valid_phone_number\":{\"value\":false,\"global\":true,\"message\":\"Phone number is not valid\",\"global_message\":\"Phone number is not valid\"}},\"file-upload_1\":{\"required\":{\"value\":true,\"message\":\"This field is required\",\"global_message\":\"This field is required\",\"global\":true},\"max_file_size\":{\"value\":2097152,\"message\":\"Validation fails for maximum file size\",\"global_message\":\"Validation fails for maximum file size\",\"global\":true,\"_valueFrom\":\"MB\"},\"max_file_count\":{\"value\":\"10\",\"message\":\"Validation fails for maximum file count\",\"global_message\":\"Validation fails for maximum file count\",\"global\":true},\"allowed_file_types\":{\"value\":[\"jpg|jpeg|gif|png|bmp\",\"pdf\",\"doc|ppt|pps|xls|mdb|docx|xlsx|pptx|odt|odp|ods|odg|odc|odb|odf|rtf|txt\",\"exe\",\"csv\"],\"message\":\"Invalid file type\",\"global_message\":\"Invalid file type\",\"global\":true}},\"file-upload\":{\"required\":{\"value\":false,\"message\":\"This field is required\",\"global_message\":\"This field is required\",\"global\":true},\"max_file_size\":{\"value\":2097152,\"message\":\"Validation fails for maximum file size\",\"global_message\":\"Validation fails for maximum file size\",\"global\":true,\"_valueFrom\":\"MB\"},\"max_file_count\":{\"value\":\"10\",\"message\":\"Validation fails for maximum file count\",\"global_message\":\"Validation fails for maximum file count\",\"global\":true},\"allowed_file_types\":{\"value\":[\"jpg|jpeg|gif|png|bmp\",\"pdf\",\"doc|ppt|pps|xls|mdb|docx|xlsx|pptx|odt|odp|ods|odg|odc|odb|odf|rtf|txt\",\"exe\",\"csv\"],\"message\":\"Invalid file type\",\"global_message\":\"Invalid file type\",\"global\":true}},\"checkbox\":{\"required\":{\"value\":true,\"message\":\"This field is required\",\"global_message\":\"This field is required\",\"global\":true}},\"g-recaptcha-response\":[]},\"debounce_time\":300};\n                            <\/script>\n                        <\/div>\n\n            \t\t\t\t<\/div>\n\t\t\t\t<\/div>\n\t\t\t\t\t<\/div>\n\t\t\t\t<\/div>\n\t\t\t\t<\/div>\n\t\t","protected":false},"excerpt":{"rendered":"<p>Become a part of ZiboCare Apply unsolicited S\u00f8g uopfordret FornavnEfternavnAdressePostnummerByE-mailTelefonUpload CVV\u00e6lg fil Upload ans\u00f8gningV\u00e6lg fil Betingelser Jeg accepterer ZiboCares vilk\u00e5r og betingelser. Vi gemmer dine data i 6 m\u00e5neder. Herefter sletter vi alle data omkring dig. Du kan l\u00e6se mere om vores behandling af persondata her.Send uopfordret ans\u00f8gning<\/p>\n","protected":false},"author":4,"featured_media":0,"parent":10302,"menu_order":0,"comment_status":"closed","ping_status":"closed","template":"","meta":{"_acf_changed":false,"footnotes":""},"class_list":["post-10261","page","type-page","status-publish","hentry"],"acf":[],"yoast_head":"<!-- This site is optimized with the Yoast SEO plugin v27.3 - https:\/\/yoast.com\/product\/yoast-seo-wordpress\/ -->\n<title>Apply unsolicited - ZiboCare A\/S<\/title>\n<meta name=\"robots\" content=\"noindex, follow\" \/>\n<meta property=\"og:locale\" content=\"en_US\" \/>\n<meta property=\"og:type\" content=\"article\" \/>\n<meta property=\"og:title\" content=\"Apply unsolicited - ZiboCare A\/S\" \/>\n<meta property=\"og:description\" content=\"Become a part of ZiboCare Apply unsolicited S\u00f8g uopfordret FornavnEfternavnAdressePostnummerByE-mailTelefonUpload CVV\u00e6lg fil Upload ans\u00f8gningV\u00e6lg fil Betingelser Jeg accepterer ZiboCares vilk\u00e5r og betingelser. Vi gemmer dine data i 6 m\u00e5neder. Herefter sletter vi alle data omkring dig. Du kan l\u00e6se mere om vores behandling af persondata her.Send uopfordret ans\u00f8gning\" \/>\n<meta property=\"og:url\" content=\"https:\/\/zibocare.dk\/en\/about-zibocare\/job-career\/apply-unsolicited\/\" \/>\n<meta property=\"og:site_name\" content=\"ZiboCare A\/S\" \/>\n<meta property=\"article:modified_time\" content=\"2026-04-08T22:59:55+00:00\" \/>\n<meta property=\"og:image\" content=\"https:\/\/zibocare.dk\/wp-content\/uploads\/2025\/06\/ZiboCare_Car_1_hero_3804px-scaled.jpg\" \/>\n\t<meta property=\"og:image:width\" content=\"2560\" \/>\n\t<meta property=\"og:image:height\" content=\"1280\" \/>\n\t<meta property=\"og:image:type\" content=\"image\/jpeg\" \/>\n<meta name=\"twitter:card\" content=\"summary_large_image\" \/>\n<script type=\"application\/ld+json\" class=\"yoast-schema-graph\">{\"@context\":\"https:\\\/\\\/schema.org\",\"@graph\":[{\"@type\":\"WebPage\",\"@id\":\"https:\\\/\\\/zibocare.dk\\\/en\\\/about-zibocare\\\/job-career\\\/apply-unsolicited\\\/\",\"url\":\"https:\\\/\\\/zibocare.dk\\\/en\\\/about-zibocare\\\/job-career\\\/apply-unsolicited\\\/\",\"name\":\"Apply unsolicited - ZiboCare A\\\/S\",\"isPartOf\":{\"@id\":\"https:\\\/\\\/zibocare.dk\\\/en\\\/#website\"},\"datePublished\":\"2025-09-08T17:20:54+00:00\",\"dateModified\":\"2026-04-08T22:59:55+00:00\",\"breadcrumb\":{\"@id\":\"https:\\\/\\\/zibocare.dk\\\/en\\\/about-zibocare\\\/job-career\\\/apply-unsolicited\\\/#breadcrumb\"},\"inLanguage\":\"en-US\",\"potentialAction\":[{\"@type\":\"ReadAction\",\"target\":[\"https:\\\/\\\/zibocare.dk\\\/en\\\/about-zibocare\\\/job-career\\\/apply-unsolicited\\\/\"]}]},{\"@type\":\"BreadcrumbList\",\"@id\":\"https:\\\/\\\/zibocare.dk\\\/en\\\/about-zibocare\\\/job-career\\\/apply-unsolicited\\\/#breadcrumb\",\"itemListElement\":[{\"@type\":\"ListItem\",\"position\":1,\"name\":\"Hjem\",\"item\":\"https:\\\/\\\/zibocare.dk\\\/en\\\/\"},{\"@type\":\"ListItem\",\"position\":2,\"name\":\"About ZiboCare\",\"item\":\"https:\\\/\\\/zibocare.dk\\\/en\\\/om-zibocare\\\/\"},{\"@type\":\"ListItem\",\"position\":3,\"name\":\"Job &amp; Career\",\"item\":\"https:\\\/\\\/zibocare.dk\\\/en\\\/om-zibocare\\\/job-karriere\\\/\"},{\"@type\":\"ListItem\",\"position\":4,\"name\":\"Apply unsolicited\"}]},{\"@type\":\"WebSite\",\"@id\":\"https:\\\/\\\/zibocare.dk\\\/en\\\/#website\",\"url\":\"https:\\\/\\\/zibocare.dk\\\/en\\\/\",\"name\":\"ZiboCare A\\\/S\",\"description\":\"Leverand\u00f8r af professionelle hj\u00e6lpemidler\",\"publisher\":{\"@id\":\"https:\\\/\\\/zibocare.dk\\\/en\\\/#organization\"},\"potentialAction\":[{\"@type\":\"SearchAction\",\"target\":{\"@type\":\"EntryPoint\",\"urlTemplate\":\"https:\\\/\\\/zibocare.dk\\\/en\\\/?s={search_term_string}\"},\"query-input\":{\"@type\":\"PropertyValueSpecification\",\"valueRequired\":true,\"valueName\":\"search_term_string\"}}],\"inLanguage\":\"en-US\"},{\"@type\":\"Organization\",\"@id\":\"https:\\\/\\\/zibocare.dk\\\/en\\\/#organization\",\"name\":\"ZiboCare A\\\/S\",\"url\":\"https:\\\/\\\/zibocare.dk\\\/en\\\/\",\"logo\":{\"@type\":\"ImageObject\",\"inLanguage\":\"en-US\",\"@id\":\"https:\\\/\\\/zibocare.dk\\\/en\\\/#\\\/schema\\\/logo\\\/image\\\/\",\"url\":\"https:\\\/\\\/zibocare.dk\\\/wp-content\\\/uploads\\\/2025\\\/05\\\/ZiboCare_Logo_AHG_Down_Horizental_300px.png\",\"contentUrl\":\"https:\\\/\\\/zibocare.dk\\\/wp-content\\\/uploads\\\/2025\\\/05\\\/ZiboCare_Logo_AHG_Down_Horizental_300px.png\",\"width\":300,\"height\":87,\"caption\":\"ZiboCare A\\\/S\"},\"image\":{\"@id\":\"https:\\\/\\\/zibocare.dk\\\/en\\\/#\\\/schema\\\/logo\\\/image\\\/\"},\"sameAs\":[\"https:\\\/\\\/www.linkedin.com\\\/company\\\/zibocare\\\/\"]}]}<\/script>\n<!-- \/ Yoast SEO plugin. -->","yoast_head_json":{"title":"Apply unsolicited - ZiboCare A\/S","robots":{"index":"noindex","follow":"follow"},"og_locale":"en_US","og_type":"article","og_title":"Apply unsolicited - ZiboCare A\/S","og_description":"Become a part of ZiboCare Apply unsolicited S\u00f8g uopfordret FornavnEfternavnAdressePostnummerByE-mailTelefonUpload CVV\u00e6lg fil Upload ans\u00f8gningV\u00e6lg fil Betingelser Jeg accepterer ZiboCares vilk\u00e5r og betingelser. Vi gemmer dine data i 6 m\u00e5neder. Herefter sletter vi alle data omkring dig. Du kan l\u00e6se mere om vores behandling af persondata her.Send uopfordret ans\u00f8gning","og_url":"https:\/\/zibocare.dk\/en\/about-zibocare\/job-career\/apply-unsolicited\/","og_site_name":"ZiboCare A\/S","article_modified_time":"2026-04-08T22:59:55+00:00","og_image":[{"width":2560,"height":1280,"url":"https:\/\/zibocare.dk\/wp-content\/uploads\/2025\/06\/ZiboCare_Car_1_hero_3804px-scaled.jpg","type":"image\/jpeg"}],"twitter_card":"summary_large_image","schema":{"@context":"https:\/\/schema.org","@graph":[{"@type":"WebPage","@id":"https:\/\/zibocare.dk\/en\/about-zibocare\/job-career\/apply-unsolicited\/","url":"https:\/\/zibocare.dk\/en\/about-zibocare\/job-career\/apply-unsolicited\/","name":"Apply unsolicited - ZiboCare A\/S","isPartOf":{"@id":"https:\/\/zibocare.dk\/en\/#website"},"datePublished":"2025-09-08T17:20:54+00:00","dateModified":"2026-04-08T22:59:55+00:00","breadcrumb":{"@id":"https:\/\/zibocare.dk\/en\/about-zibocare\/job-career\/apply-unsolicited\/#breadcrumb"},"inLanguage":"en-US","potentialAction":[{"@type":"ReadAction","target":["https:\/\/zibocare.dk\/en\/about-zibocare\/job-career\/apply-unsolicited\/"]}]},{"@type":"BreadcrumbList","@id":"https:\/\/zibocare.dk\/en\/about-zibocare\/job-career\/apply-unsolicited\/#breadcrumb","itemListElement":[{"@type":"ListItem","position":1,"name":"Hjem","item":"https:\/\/zibocare.dk\/en\/"},{"@type":"ListItem","position":2,"name":"About ZiboCare","item":"https:\/\/zibocare.dk\/en\/om-zibocare\/"},{"@type":"ListItem","position":3,"name":"Job &amp; Career","item":"https:\/\/zibocare.dk\/en\/om-zibocare\/job-karriere\/"},{"@type":"ListItem","position":4,"name":"Apply unsolicited"}]},{"@type":"WebSite","@id":"https:\/\/zibocare.dk\/en\/#website","url":"https:\/\/zibocare.dk\/en\/","name":"ZiboCare A\/S","description":"Leverand\u00f8r af professionelle hj\u00e6lpemidler","publisher":{"@id":"https:\/\/zibocare.dk\/en\/#organization"},"potentialAction":[{"@type":"SearchAction","target":{"@type":"EntryPoint","urlTemplate":"https:\/\/zibocare.dk\/en\/?s={search_term_string}"},"query-input":{"@type":"PropertyValueSpecification","valueRequired":true,"valueName":"search_term_string"}}],"inLanguage":"en-US"},{"@type":"Organization","@id":"https:\/\/zibocare.dk\/en\/#organization","name":"ZiboCare A\/S","url":"https:\/\/zibocare.dk\/en\/","logo":{"@type":"ImageObject","inLanguage":"en-US","@id":"https:\/\/zibocare.dk\/en\/#\/schema\/logo\/image\/","url":"https:\/\/zibocare.dk\/wp-content\/uploads\/2025\/05\/ZiboCare_Logo_AHG_Down_Horizental_300px.png","contentUrl":"https:\/\/zibocare.dk\/wp-content\/uploads\/2025\/05\/ZiboCare_Logo_AHG_Down_Horizental_300px.png","width":300,"height":87,"caption":"ZiboCare A\/S"},"image":{"@id":"https:\/\/zibocare.dk\/en\/#\/schema\/logo\/image\/"},"sameAs":["https:\/\/www.linkedin.com\/company\/zibocare\/"]}]}},"_links":{"self":[{"href":"https:\/\/zibocare.dk\/en\/wp-json\/wp\/v2\/pages\/10261","targetHints":{"allow":["GET"]}}],"collection":[{"href":"https:\/\/zibocare.dk\/en\/wp-json\/wp\/v2\/pages"}],"about":[{"href":"https:\/\/zibocare.dk\/en\/wp-json\/wp\/v2\/types\/page"}],"author":[{"embeddable":true,"href":"https:\/\/zibocare.dk\/en\/wp-json\/wp\/v2\/users\/4"}],"replies":[{"embeddable":true,"href":"https:\/\/zibocare.dk\/en\/wp-json\/wp\/v2\/comments?post=10261"}],"version-history":[{"count":32,"href":"https:\/\/zibocare.dk\/en\/wp-json\/wp\/v2\/pages\/10261\/revisions"}],"predecessor-version":[{"id":10434,"href":"https:\/\/zibocare.dk\/en\/wp-json\/wp\/v2\/pages\/10261\/revisions\/10434"}],"up":[{"embeddable":true,"href":"https:\/\/zibocare.dk\/en\/wp-json\/wp\/v2\/pages\/10302"}],"wp:attachment":[{"href":"https:\/\/zibocare.dk\/en\/wp-json\/wp\/v2\/media?parent=10261"}],"curies":[{"name":"wp","href":"https:\/\/api.w.org\/{rel}","templated":true}]}}